{"id":10116,"date":"2024-10-24T03:01:53","date_gmt":"2024-10-24T01:01:53","guid":{"rendered":"http:\/\/billigtrikots.com\/?post_type=product&#038;p=10116"},"modified":"2024-10-24T03:04:34","modified_gmt":"2024-10-24T01:04:34","slug":"united-states-usa-wm-2022-auswaertstrikot-koenigsblau-kurzarm-kurze-hosen","status":"publish","type":"product","link":"https:\/\/www.billigtrikotde.com\/cs\/united-states-usa-wm-2022-auswaertstrikot-koenigsblau-kurzarm-kurze-hosen\/","title":{"rendered":"United States USA 2022 World Cup kit royal blue kr\u00e1tk\u00fd ruk\u00e1v + \u0161ortky"},"content":{"rendered":"<p>Toto je venkovn\u00ed dres USA 2022 pro Mistrovstv\u00ed sv\u011bta. Se stejn\u00fdm jedine\u010dn\u00fdm um\u00edst\u011bn\u00edm Swooshi je venkovn\u00ed dres USA 2022 pro Mistrovstv\u00ed sv\u011bta p\u0159ev\u00e1\u017en\u011b kr\u00e1lovskomodr\u00fd s grafick\u00fdm vzorem tie-dye tmav\u011b modr\u00e9 barvy, kter\u00fd nen\u00ed zcela odli\u0161n\u00fd od toho na venkovn\u00edm dresu Leeds 22-23.<\/p>\n<p>Tipy pro tisk: Pokud jsou jm\u00e9no a \u010d\u00edslo na obr\u00e1zku p\u0159esn\u011b takov\u00e9, jak\u00e9 chcete, nemus\u00edte je zad\u00e1vat znovu. Pokud tomu tak nen\u00ed, m\u011bli byste zadat po\u017eadovan\u00e9 jm\u00e9no a \u010d\u00edslo.<\/p>\n<p>Tipy pro pran\u00ed: Doporu\u010dujeme pr\u00e1t fotbalov\u00e1 tri\u010dka v ruce. Pokud chcete pou\u017e\u00edt pra\u010dku, nezapome\u0148te fotbalov\u00e1 tri\u010dka obr\u00e1tit naruby a pot\u00e9 je vyprat. Pra\u010dku napl\u0148te studenou vodou a pou\u017eijte jemn\u00fd cyklus, abyste l\u00e9pe ochr\u00e1nili barvy.<\/p>","protected":false},"excerpt":{"rendered":"<p>Toto je Nike United States 2022 venkovn\u00ed dres na Mistrovstv\u00ed sv\u011bta. S tentokr\u00e1t jedine\u010dn\u00fdm um\u00edst\u011bn\u00edm loga Swoosh je venkovn\u00ed dres USA 2022 na Mistrovstv\u00ed sv\u011bta p\u0159ev\u00e1\u017en\u011b kr\u00e1lovskomodr\u00fd s tmav\u011b modrou tie-dye grafikou, kter\u00e1 nen\u00ed na rozd\u00edl od dresu na Leeds 22-23 venkovn\u00ed dres. Tipy pro tisk: Pokud se jm\u00e9no a \u010d\u00edslo na sn\u00edmku p\u0159esn\u011b shoduj\u00ed s va\u0161imi po\u017eadavky, mus\u00edte [\u2026]<\/p>","protected":false},"featured_media":10153,"comment_status":"open","ping_status":"closed","template":"","meta":[],"product_brand":[],"product_cat":[245],"product_tag":[20,43,21,22,23,24,246,289,247,248,249,250,288],"class_list":{"0":"post-10116","1":"product","2":"type-product","3":"status-publish","4":"has-post-thumbnail","6":"product_cat-usa-trikots","7":"product_tag-coole-fussballtrikots","8":"product_tag-fussballkleidung","9":"product_tag-fussballtrikot-fuer-herren","10":"product_tag-fussballtrikot-guenstig-kaufen","11":"product_tag-fussballtrikot-kurzarm","12":"product_tag-guenstiges-fussballtrikot","13":"product_tag-united-states-2022-trikot","14":"product_tag-united-states-auswaertstrikot","15":"product_tag-usa-fussball-shop","16":"product_tag-usa-fussball-trikot","17":"product_tag-usa-nationalmannschaft","18":"product_tag-usa-trikot-herren","19":"product_tag-usa-trikots","21":"first","22":"instock","23":"shipping-taxable","24":"purchasable","25":"product-type-variable"},"_links":{"self":[{"href":"https:\/\/www.billigtrikotde.com\/cs\/wp-json\/wp\/v2\/product\/10116","targetHints":{"allow":["GET"]}}],"collection":[{"href":"https:\/\/www.billigtrikotde.com\/cs\/wp-json\/wp\/v2\/product"}],"about":[{"href":"https:\/\/www.billigtrikotde.com\/cs\/wp-json\/wp\/v2\/types\/product"}],"replies":[{"embeddable":true,"href":"https:\/\/www.billigtrikotde.com\/cs\/wp-json\/wp\/v2\/comments?post=10116"}],"wp:featuredmedia":[{"embeddable":true,"href":"https:\/\/www.billigtrikotde.com\/cs\/wp-json\/wp\/v2\/media\/10153"}],"wp:attachment":[{"href":"https:\/\/www.billigtrikotde.com\/cs\/wp-json\/wp\/v2\/media?parent=10116"}],"wp:term":[{"taxonomy":"product_brand","embeddable":true,"href":"https:\/\/www.billigtrikotde.com\/cs\/wp-json\/wp\/v2\/product_brand?post=10116"},{"taxonomy":"product_cat","embeddable":true,"href":"https:\/\/www.billigtrikotde.com\/cs\/wp-json\/wp\/v2\/product_cat?post=10116"},{"taxonomy":"product_tag","embeddable":true,"href":"https:\/\/www.billigtrikotde.com\/cs\/wp-json\/wp\/v2\/product_tag?post=10116"}],"curies":[{"name":"wp","href":"https:\/\/api.w.org\/{rel}","templated":true}]}}