{"id":10054,"date":"2024-10-24T02:58:46","date_gmt":"2024-10-24T00:58:46","guid":{"rendered":"http:\/\/billigtrikots.com\/?post_type=product&#038;p=10054"},"modified":"2024-10-24T03:01:06","modified_gmt":"2024-10-24T01:01:06","slug":"herren-argentinien-fifa-wm-katar-2022-auswaertstrikot-lila-kurzarm-online-bestellen-rulli-12","status":"publish","type":"product","link":"https:\/\/www.billigtrikotde.com\/cs\/herren-argentinien-fifa-wm-katar-2022-auswaertstrikot-lila-kurzarm-online-bestellen-rulli-12\/","title":{"rendered":"P\u00e1nsk\u00e9 Argentina FIFA World Cup Qatar 2022 Away Jersey Purple Short Sleeve Online Order RULLI 12"},"content":{"rendered":"<p>Argentinsk\u00fd venkovn\u00ed dres pro mistrovstv\u00ed sv\u011bta 2022 kombinuje dva r\u016fzn\u00e9 odst\u00edny fialov\u00e9 se st\u0159\u00edbrn\u00fdmi detaily, jako je logo Adidas a logo svazu. Ofici\u00e1ln\u011b se barvy naz\u00fdvaj\u00ed \u201eLegacy Indigo\/Purple Rush\u201c. Sol de Argentina ve sv\u011btle st\u0159\u00edbrn\u00e9 barv\u011b se nach\u00e1z\u00ed na zadn\u00ed stran\u011b pod l\u00edmcem, podobn\u011b jako u dresu. 3 pruhy na ramenou nov\u00e9ho argentinsk\u00e9ho venkovn\u00edho dresu pro mistrovstv\u00ed sv\u011bta 2022 jsou v decentn\u00ed sv\u011btl\u00e9 fialov\u00e9 barv\u011b. Pro dokreslen\u00ed vzhledu m\u00e1 argentinsk\u00fd venkovn\u00ed dres pro mistrovstv\u00ed sv\u011bta 2022 na p\u0159edn\u00ed stran\u011b slabou grafiku \u2013 i tato grafika je inspirov\u00e1na Sol de Mayo.<\/p>\n<p>Tipy pro tisk: Pokud jsou jm\u00e9no a \u010d\u00edslo na obr\u00e1zku p\u0159esn\u011b takov\u00e9, jak\u00e9 chcete, nemus\u00edte je zad\u00e1vat znovu. Pokud tomu tak nen\u00ed, m\u011bli byste zadat po\u017eadovan\u00e9 jm\u00e9no a \u010d\u00edslo.<\/p>\n<p>Tipy pro pran\u00ed: Doporu\u010dujeme pr\u00e1t fotbalov\u00e1 tri\u010dka v ruce. Pokud chcete pou\u017e\u00edt pra\u010dku, nezapome\u0148te fotbalov\u00e1 tri\u010dka obr\u00e1tit naruby a pot\u00e9 je vyprat. Pra\u010dku napl\u0148te studenou vodou a pou\u017eijte jemn\u00fd cyklus, abyste l\u00e9pe ochr\u00e1nili barvy.<\/p>","protected":false},"excerpt":{"rendered":"<p>Das Argentinien WM 2022 Ausw\u00e4rtstrikot kombiniert zwei verschiedene Lila-T\u00f6ne mit silbernen Details, wie dem Adidas- und dem Verbandslogo. Offiziell lauten die Farben \u201eLegacy Indigo\/Purple Rush\u201c.Das Sol de Argentina in hellem Silber befindet sich auf der R\u00fcckseite unter dem Kragen, \u00e4hnlich wie beim Trikot.Die 3 Streifen auf den Schultern des neuen Argentinien WM 2022 Ausw\u00e4rtstrikots sind [&hellip;]<\/p>","protected":false},"featured_media":10094,"comment_status":"open","ping_status":"closed","template":"","meta":[],"product_brand":[],"product_cat":[325],"product_tag":[356,357,358,20,407,21,22,23,24],"class_list":{"0":"post-10054","1":"product","2":"type-product","3":"status-publish","4":"has-post-thumbnail","6":"product_cat-argentinien-trikots","7":"product_tag-argentinien-trikots","8":"product_tag-argentinien-wm-2022-auswaertstrikot","9":"product_tag-auswaertstrikot-fuer-die-wm-2022","10":"product_tag-coole-fussballtrikots","11":"product_tag-fifa-wm-katar-2022-trikot","12":"product_tag-fussballtrikot-fuer-herren","13":"product_tag-fussballtrikot-guenstig-kaufen","14":"product_tag-fussballtrikot-kurzarm","15":"product_tag-guenstiges-fussballtrikot","17":"first","18":"instock","19":"shipping-taxable","20":"purchasable","21":"product-type-variable"},"_links":{"self":[{"href":"https:\/\/www.billigtrikotde.com\/cs\/wp-json\/wp\/v2\/product\/10054","targetHints":{"allow":["GET"]}}],"collection":[{"href":"https:\/\/www.billigtrikotde.com\/cs\/wp-json\/wp\/v2\/product"}],"about":[{"href":"https:\/\/www.billigtrikotde.com\/cs\/wp-json\/wp\/v2\/types\/product"}],"replies":[{"embeddable":true,"href":"https:\/\/www.billigtrikotde.com\/cs\/wp-json\/wp\/v2\/comments?post=10054"}],"wp:featuredmedia":[{"embeddable":true,"href":"https:\/\/www.billigtrikotde.com\/cs\/wp-json\/wp\/v2\/media\/10094"}],"wp:attachment":[{"href":"https:\/\/www.billigtrikotde.com\/cs\/wp-json\/wp\/v2\/media?parent=10054"}],"wp:term":[{"taxonomy":"product_brand","embeddable":true,"href":"https:\/\/www.billigtrikotde.com\/cs\/wp-json\/wp\/v2\/product_brand?post=10054"},{"taxonomy":"product_cat","embeddable":true,"href":"https:\/\/www.billigtrikotde.com\/cs\/wp-json\/wp\/v2\/product_cat?post=10054"},{"taxonomy":"product_tag","embeddable":true,"href":"https:\/\/www.billigtrikotde.com\/cs\/wp-json\/wp\/v2\/product_tag?post=10054"}],"curies":[{"name":"wp","href":"https:\/\/api.w.org\/{rel}","templated":true}]}}