{"id":20120,"date":"2024-11-11T11:11:09","date_gmt":"2024-11-11T10:11:09","guid":{"rendered":"https:\/\/www.gunstigfussballtrikot.de\/?page_id=20120"},"modified":"2024-12-24T03:36:42","modified_gmt":"2024-12-24T02:36:42","slug":"datenschutzrichtlinie","status":"publish","type":"page","link":"https:\/\/www.billigtrikotde.com\/cs\/datenschutzrichtlinie\/","title":{"rendered":"Z\u00e1sady ochrany osobn\u00edch \u00fadaj\u016f"},"content":{"rendered":"<p>Tyto z\u00e1sady ochrany osobn\u00edch \u00fadaj\u016f popisuj\u00ed, jak jsou va\u0161e osobn\u00ed \u00fadaje shroma\u017e\u010fov\u00e1ny, pou\u017e\u00edv\u00e1ny a sd\u00edleny, kdy\u017e nav\u0161t\u00edv\u00edte nebo nakoup\u00edte na str\u00e1nk\u00e1ch cheapjerseys.com (\"Str\u00e1nky\").<\/p><p>N\u00e1mi shrom\u00e1\u017ed\u011bn\u00e9 osobn\u00ed \u00fadaje<\/p><p>P\u0159i n\u00e1v\u0161t\u011bv\u011b t\u011bchto str\u00e1nek automaticky shroma\u017e\u010fujeme ur\u010dit\u00e9 informace o va\u0161em za\u0159\u00edzen\u00ed, v\u010detn\u011b informac\u00ed o va\u0161em webov\u00e9m prohl\u00ed\u017ee\u010di, IP adrese, \u010dasov\u00e9m p\u00e1smu a n\u011bkter\u00fdch souborech cookie nainstalovan\u00fdch ve va\u0161em za\u0159\u00edzen\u00ed. Krom\u011b toho p\u0159i proch\u00e1zen\u00ed Str\u00e1nek shroma\u017e\u010fujeme informace o jednotliv\u00fdch str\u00e1nk\u00e1ch nebo produktech, kter\u00e9 si prohl\u00ed\u017e\u00edte, o tom, jak\u00e9 str\u00e1nky nebo vyhled\u00e1vac\u00ed v\u00fdrazy v\u00e1s na Str\u00e1nky odk\u00e1zaly, a informace o tom, jak se Str\u00e1nkami pracujete. Tyto automaticky shroma\u017e\u010fovan\u00e9 informace ozna\u010dujeme jako \"Informace o za\u0159\u00edzen\u00ed\".<\/p><p>Informace o za\u0159\u00edzen\u00ed shroma\u017e\u010fujeme pomoc\u00ed n\u00e1sleduj\u00edc\u00edch technologi\u00ed:<\/p><ul class=\"wp-block-list\"><li>\"Cookie\" je datov\u00fd soubor, kter\u00fd je ulo\u017een ve va\u0161em za\u0159\u00edzen\u00ed nebo po\u010d\u00edta\u010di a obvykle obsahuje anonymn\u00ed jedine\u010dn\u00fd identifik\u00e1tor. Dal\u0161\u00ed informace o souborech cookie a o tom, jak je zak\u00e1zat, najdete na adrese http:\/\/www.allaboutcookies.org.<\/li>\n\n<li>\"Protokolov\u00e9 soubory\" sleduj\u00ed akce, kter\u00e9 se na webov\u00fdch str\u00e1nk\u00e1ch prov\u00e1d\u011bj\u00ed, a shroma\u017e\u010fuj\u00ed \u00fadaje, jako je va\u0161e IP adresa, typ prohl\u00ed\u017ee\u010de, poskytovatel internetov\u00fdch slu\u017eeb, odkazuj\u00edc\u00ed\/odkazovan\u00e9 str\u00e1nky a \u010dasov\u00e1 raz\u00edtka.<\/li>\n\n<li>\"Web beacons\", \"tagy\" a \"pixely\" jsou elektronick\u00e9 soubory, kter\u00e9 se pou\u017e\u00edvaj\u00ed k zaznamen\u00e1v\u00e1n\u00ed informac\u00ed o tom, jak proch\u00e1z\u00edte tyto webov\u00e9 str\u00e1nky.<\/li><\/ul><p>P\u0159i n\u00e1kupu nebo pokusu o n\u00e1kup prost\u0159ednictv\u00edm Str\u00e1nek od v\u00e1s tak\u00e9 shroma\u017e\u010fujeme ur\u010dit\u00e9 informace, v\u010detn\u011b va\u0161eho jm\u00e9na, faktura\u010dn\u00ed adresy, dodac\u00ed adresy, platebn\u00edch \u00fadaj\u016f (v\u010detn\u011b \u010d\u00edsla kreditn\u00ed karty), e-mailov\u00e9 adresy a telefonn\u00edho \u010d\u00edsla. Tyto informace ozna\u010dujeme jako \"informace o objedn\u00e1vce\".<\/p><p>Pokud v t\u011bchto z\u00e1sad\u00e1ch ochrany osobn\u00edch \u00fadaj\u016f hovo\u0159\u00edme o \"osobn\u00edch \u00fadaj\u00edch\", m\u00e1me na mysli jak informace o za\u0159\u00edzen\u00ed, tak informace o objedn\u00e1vk\u00e1ch.<\/p><p>Jak pou\u017e\u00edv\u00e1me va\u0161e osobn\u00ed \u00fadaje?<\/p><p>Informace o objedn\u00e1vk\u00e1ch, kter\u00e9 shroma\u017e\u010fujeme, pou\u017e\u00edv\u00e1me obecn\u011b k vy\u0159\u00edzen\u00ed v\u0161ech objedn\u00e1vek zadan\u00fdch prost\u0159ednictv\u00edm webov\u00fdch str\u00e1nek (v\u010detn\u011b zpracov\u00e1n\u00ed va\u0161ich platebn\u00edch \u00fadaj\u016f, organizace p\u0159epravy a poskytnut\u00ed faktury a\/nebo potvrzen\u00ed objedn\u00e1vky).<\/p><p>Krom\u011b toho tyto informace o objedn\u00e1vk\u00e1ch pou\u017e\u00edv\u00e1me k:<\/p><ul class=\"wp-block-list\"><li>komunikovat s v\u00e1mi;<\/li>\n\n<li>p\u0159ezkoum\u00e1n\u00ed na\u0161ich objedn\u00e1vek z hlediska mo\u017en\u00e9ho rizika nebo podvodu a<\/li>\n\n<li>Poskytovat v\u00e1m informace nebo reklamu o na\u0161ich produktech nebo slu\u017eb\u00e1ch na z\u00e1klad\u011b preferenc\u00ed, kter\u00e9 jste n\u00e1m sd\u011blili.<\/li><\/ul><p>Informace o za\u0159\u00edzen\u00edch, kter\u00e9 shroma\u017e\u010fujeme, pou\u017e\u00edv\u00e1me k identifikaci potenci\u00e1ln\u00edch rizik a podvod\u016f (zejm\u00e9na va\u0161e IP adresa) a k obecn\u00e9mu zlep\u0161ov\u00e1n\u00ed a optimalizaci na\u0161ich webov\u00fdch str\u00e1nek (nap\u0159\u00edklad vytv\u00e1\u0159en\u00edm informac\u00ed o tom, jak na\u0161i z\u00e1kazn\u00edci proch\u00e1zej\u00ed webov\u00e9 str\u00e1nky a jak s nimi pracuj\u00ed, anal\u00fdzou interakc\u00ed a vyhodnocov\u00e1n\u00edm \u00fasp\u011b\u0161nosti na\u0161ich marketingov\u00fdch a reklamn\u00edch kampan\u00ed).<\/p><p>Zp\u0159\u00edstupn\u011bn\u00ed va\u0161ich osobn\u00edch \u00fadaj\u016f<\/p><p>Jak je pops\u00e1no v\u00fd\u0161e, sd\u00edl\u00edme va\u0161e osobn\u00ed \u00fadaje s t\u0159et\u00edmi stranami, kter\u00e9 n\u00e1m pom\u00e1haj\u00ed va\u0161e osobn\u00ed \u00fadaje pou\u017e\u00edvat. Nap\u0159\u00edklad k provozov\u00e1n\u00ed na\u0161eho internetov\u00e9ho obchodu pou\u017e\u00edv\u00e1me slu\u017ebu Shopify. V\u00edce informac\u00ed o tom, jak spole\u010dnost Shopify pou\u017e\u00edv\u00e1 va\u0161e osobn\u00ed \u00fadaje, najdete zde: https:\/\/www.shopify.com\/legal\/privacy. Pou\u017e\u00edv\u00e1me tak\u00e9 slu\u017ebu Google Analytics, abychom l\u00e9pe porozum\u011bli tomu, jak na\u0161i z\u00e1kazn\u00edci pou\u017e\u00edvaj\u00ed tyto webov\u00e9 str\u00e1nky. V\u00edce informac\u00ed o tom, jak Google pou\u017e\u00edv\u00e1 va\u0161e osobn\u00ed \u00fadaje, najdete zde: https:\/\/www.google.com\/intl\/en\/policies\/privacy\/. Slu\u017ebu Google Analytics m\u016f\u017eete tak\u00e9 odhl\u00e1sit zde: https:\/\/tools.google.com\/dlpage\/gaoptout.<\/p><p>Va\u0161e osobn\u00ed \u00fadaje m\u016f\u017eeme tak\u00e9 sd\u00edlet, abychom vyhov\u011bli platn\u00fdm z\u00e1kon\u016fm a p\u0159edpis\u016fm, abychom reagovali na soudn\u00ed obs\u00edlky, p\u0159\u00edkazy k prohl\u00eddce nebo jin\u00e9 z\u00e1konn\u00e9 \u017e\u00e1dosti o informace, kter\u00e9 obdr\u017e\u00edme, nebo abychom jinak chr\u00e1nili sv\u00e1 pr\u00e1va.<\/p><p>Reklama zalo\u017een\u00e1 na chov\u00e1n\u00ed<\/p><p>Jak je uvedeno v\u00fd\u0161e, va\u0161e osobn\u00ed \u00fadaje pou\u017e\u00edv\u00e1me k tomu, abychom v\u00e1m poskytli c\u00edlenou reklamu nebo marketingov\u00e1 sd\u011blen\u00ed, o kter\u00fdch se domn\u00edv\u00e1me, \u017ee by v\u00e1s mohla zaj\u00edmat. Dal\u0161\u00ed informace o tom, jak funguje c\u00edlen\u00e1 reklama, naleznete na informa\u010dn\u00ed str\u00e1nce Network Advertising Initiative (\"NAI\") na adrese http:\/\/www.networkadvertising.org\/understanding-online-advertising\/how-does-it-work.<\/p><p>C\u00edlenou reklamu m\u016f\u017eete deaktivovat prost\u0159ednictv\u00edm n\u00e1sleduj\u00edc\u00edch odkaz\u016f:<\/p><ul class=\"wp-block-list\"><li>Facebook: https:\/\/www.facebook.com\/settings\/?tab=ads<\/li>\n\n<li>Google: https:\/\/www.google.com\/settings\/ads\/anonymous<\/li>\n\n<li>Bing: https:\/\/advertise.bingads.microsoft.com\/en-us\/resources\/policies\/personalized-ads<\/li><\/ul><p>N\u011bkter\u00e9 z t\u011bchto slu\u017eeb m\u016f\u017eete tak\u00e9 deaktivovat na port\u00e1lu Digital Advertising Alliance: http:\/\/optout.aboutads.info\/.<\/p><p>Nesledovat<\/p><p>Vezm\u011bte pros\u00edm na v\u011bdom\u00ed, \u017ee postupy shroma\u017e\u010fov\u00e1n\u00ed a pou\u017e\u00edv\u00e1n\u00ed dat na na\u0161ich webov\u00fdch str\u00e1nk\u00e1ch zm\u011bn\u00edme, jakmile se ve va\u0161em prohl\u00ed\u017ee\u010di zobraz\u00ed sign\u00e1l \"Nesledovat\".<\/p><p>Va\u0161e pr\u00e1va<\/p><p>Pokud jste obyvatelem Evropy a Spojen\u00fdch st\u00e1t\u016f, m\u00e1te pr\u00e1vo na p\u0159\u00edstup k osobn\u00edm \u00fadaj\u016fm, kter\u00e9 o v\u00e1s uchov\u00e1v\u00e1me, a na \u017e\u00e1dost o opravu, aktualizaci nebo vymaz\u00e1n\u00ed va\u0161ich osobn\u00edch \u00fadaj\u016f. Pokud si p\u0159ejete toto pr\u00e1vo uplatnit, kontaktujte n\u00e1s pomoc\u00ed n\u00ed\u017ee uveden\u00fdch kontaktn\u00edch \u00fadaj\u016f.<\/p><p>Pokud se nach\u00e1z\u00edte v Evrop\u011b a ve Spojen\u00fdch st\u00e1tech, vezm\u011bte pros\u00edm na v\u011bdom\u00ed, \u017ee va\u0161e \u00fadaje m\u016f\u017eeme zpracov\u00e1vat za \u00fa\u010delem spln\u011bn\u00ed smlouvy, kterou s v\u00e1mi m\u016f\u017eeme uzav\u0159\u00edt (nap\u0159\u00edklad pokud si prost\u0159ednictv\u00edm t\u011bchto webov\u00fdch str\u00e1nek objedn\u00e1te zbo\u017e\u00ed), nebo za \u00fa\u010delem realizace na\u0161ich v\u00fd\u0161e uveden\u00fdch opr\u00e1vn\u011bn\u00fdch obchodn\u00edch z\u00e1jm\u016f. Upozor\u0148ujeme tak\u00e9, \u017ee va\u0161e \u00fadaje budou p\u0159ed\u00e1v\u00e1ny mimo Evropu, v\u010detn\u011b Kanady a Spojen\u00fdch st\u00e1t\u016f.<\/p><p>Ukl\u00e1d\u00e1n\u00ed dat<\/p><p>Pokud si prost\u0159ednictv\u00edm t\u011bchto webov\u00fdch str\u00e1nek objedn\u00e1te zbo\u017e\u00ed, ulo\u017e\u00edme informace o va\u0161\u00ed objedn\u00e1vce do na\u0161ich z\u00e1znam\u016f, pokud n\u00e1s nepo\u017e\u00e1d\u00e1te o jejich vymaz\u00e1n\u00ed.<\/p><p>Rozmanitost<\/p><p>Tyto z\u00e1sady ochrany osobn\u00edch \u00fadaj\u016f m\u016f\u017eeme \u010das od \u010dasu aktualizovat, nap\u0159\u00edklad kv\u016fli zm\u011bn\u00e1m na\u0161ich postup\u016f nebo z jin\u00fdch provozn\u00edch, pr\u00e1vn\u00edch nebo regula\u010dn\u00edch d\u016fvod\u016f.<\/p><p>Spojte se s n\u00e1mi<\/p><p>Dal\u0161\u00ed informace o na\u0161ich postupech ochrany osobn\u00edch \u00fadaj\u016f, dotazy nebo st\u00ed\u017enosti z\u00edsk\u00e1te na e-mailov\u00e9 adrese support@billigtrikotde.com.<\/p>","protected":false},"excerpt":{"rendered":"<p>Diese Datenschutzrichtlinie beschreibt, wie Ihre pers\u00f6nlichen Daten erfasst, verwendet und weitergegeben werden, wenn Sie billigtrikotde.com (die \u201eSite\u201c) besuchen oder dort einkaufen. Von uns erfasste pers\u00f6nliche Daten Wenn Sie diese Website besuchen, erfassen wir automatisch bestimmte Informationen \u00fcber Ihr Ger\u00e4t, darunter Informationen \u00fcber Ihren Webbrowser, Ihre IP-Adresse, Ihre Zeitzone und einige auf Ihrem Ger\u00e4t installierte Cookies. [&hellip;]<\/p>","protected":false},"author":1,"featured_media":0,"parent":0,"menu_order":0,"comment_status":"closed","ping_status":"closed","template":"","meta":{"footnotes":""},"class_list":["post-20120","page","type-page","status-publish","hentry"],"rankMath":{"parentDomain":"billigtrikotde.com","noFollowDomains":[],"noFollowExcludeDomains":[],"noFollowExternalLinks":true,"featuredImageNotice":"Doporu\u010den\u00fd obr\u00e1zek by m\u011bl b\u00fdt alespo\u0148 200 x 200 pixel\u016f, aby jej bylo mo\u017en\u00e9 zachytit na Facebooku a na jin\u00fdch soci\u00e1ln\u00edch s\u00edt\u00edch.","pluginReviewed":false,"postSettings":{"linkSuggestions":true,"useFocusKeyword":false},"frontEndScore":false,"postName":"datenschutzrichtlinie","permalinkFormat":"https:\/\/www.billigtrikotde.com\/cs\/%pagename%\/","showLockModifiedDate":true,"assessor":{"focusKeywordLink":"https:\/\/www.billigtrikotde.com\/wp-admin\/edit.php?focus_keyword=%focus_keyword%&post_type=%post_type%","hasTOCPlugin":true,"primaryTaxonomy":false,"serpData":{"title":"","description":"","focusKeywords":"","pillarContent":false,"canonicalUrl":"","breadcrumbTitle":"","advancedRobots":[],"facebookTitle":"","facebookDescription":"","facebookImage":"","facebookImageID":"","facebookHasOverlay":false,"facebookImageOverlay":"","facebookAuthor":"","twitterCardType":"","twitterUseFacebook":true,"twitterTitle":"","twitterDescription":"","twitterImage":"","twitterImageID":"","twitterHasOverlay":false,"twitterImageOverlay":"","twitterPlayerUrl":"","twitterPlayerSize":"","twitterPlayerStream":"","twitterPlayerStreamCtype":"","twitterAppDescription":"","twitterAppIphoneName":"","twitterAppIphoneID":"","twitterAppIphoneUrl":"","twitterAppIpadName":"","twitterAppIpadID":"","twitterAppIpadUrl":"","twitterAppGoogleplayName":"","twitterAppGoogleplayID":"","twitterAppGoogleplayUrl":"","twitterAppCountry":"","robots":{"index":true},"twitterAuthor":"u\u017eivatelsk\u00e9 jm\u00e9no","primaryTerm":0,"authorName":"www.billigtrikotde.com","titleTemplate":"%title% %sep% %sitename%","descriptionTemplate":"%excerpt%","showScoreFrontend":true,"lockModifiedDate":false},"powerWords":[],"diacritics":{"A":"[\\u0041\\u24B6\\uFF21\\u00C0\\u00C1\\u00C2\\u1EA6\\u1EA4\\u1EAA\\u1EA8\\u00C3\\u0100\\u0102\\u1EB0\\u1EAE\\u1EB4\\u1EB2\\u0226\\u01E0\\u00C4\\u01DE\\u1EA2\\u00C5\\u01FA\\u01CD\\u0200\\u0202\\u1EA0\\u1EAC\\u1EB6\\u1E00\\u0104\\u023A\\u2C6F]","AA":"[\\uA732]","AE":"[\\u00C6\\u01FC\\u01E2]","AO":"[\\uA734]","AU":"[\\uA736]","AV":"[\\uA738\\uA73A]","AY":"[\\uA73C]","B":"[\\u0042\\u24B7\\uFF22\\u1E02\\u1E04\\u1E06\\u0243\\u0182\\u0181]","C":"[\\u0043\\u24B8\\uFF23\\u0106\\u0108\\u010A\\u010C\\u00C7\\u1E08\\u0187\\u023B\\uA73E]","D":"[\\u0044\\u24B9\\uFF24\\u1E0A\\u010E\\u1E0C\\u1E10\\u1E12\\u1E0E\\u0110\\u018B\\u018A\\u0189\\uA779]","DZ":"[\\u01F1\\u01C4]","Dz":"[\\u01F2\\u01C5]","E":"[\\u0045\\u24BA\\uFF25\\u00C8\\u00C9\\u00CA\\u1EC0\\u1EBE\\u1EC4\\u1EC2\\u1EBC\\u0112\\u1E14\\u1E16\\u0114\\u0116\\u00CB\\u1EBA\\u011A\\u0204\\u0206\\u1EB8\\u1EC6\\u0228\\u1E1C\\u0118\\u1E18\\u1E1A\\u0190\\u018E]","F":"[\\u0046\\u24BB\\uFF26\\u1E1E\\u0191\\uA77B]","G":"[\\u0047\\u24BC\\uFF27\\u01F4\\u011C\\u1E20\\u011E\\u0120\\u01E6\\u0122\\u01E4\\u0193\\uA7A0\\uA77D\\uA77E]","H":"[\\u0048\\u24BD\\uFF28\\u0124\\u1E22\\u1E26\\u021E\\u1E24\\u1E28\\u1E2A\\u0126\\u2C67\\u2C75\\uA78D]","I":"[\\u0049\\u24BE\\uFF29\\u00CC\\u00CD\\u00CE\\u0128\\u012A\\u012C\\u0130\\u00CF\\u1E2E\\u1EC8\\u01CF\\u0208\\u020A\\u1ECA\\u012E\\u1E2C\\u0197]","J":"[\\u004A\\u24BF\\uFF2A\\u0134\\u0248]","K":"[\\u004B\\u24C0\\uFF2B\\u1E30\\u01E8\\u1E32\\u0136\\u1E34\\u0198\\u2C69\\uA740\\uA742\\uA744\\uA7A2]","L":"[\\u004C\\u24C1\\uFF2C\\u013F\\u0139\\u013D\\u1E36\\u1E38\\u013B\\u1E3C\\u1E3A\\u0141\\u023D\\u2C62\\u2C60\\uA748\\uA746\\uA780]","LJ":"[\\u01C7]","Lj":"[\\u01C8]","M":"[\\u004D\\u24C2\\uFF2D\\u1E3E\\u1E40\\u1E42\\u2C6E\\u019C]","N":"[\\u004E\\u24C3\\uFF2E\\u01F8\\u0143\\u00D1\\u1E44\\u0147\\u1E46\\u0145\\u1E4A\\u1E48\\u0220\\u019D\\uA790\\uA7A4]","NJ":"[\\u01CA]","Nj":"[\\u01CB]","O":"[\\u004F\\u24C4\\uFF2F\\u00D2\\u00D3\\u00D4\\u1ED2\\u1ED0\\u1ED6\\u1ED4\\u00D5\\u1E4C\\u022C\\u1E4E\\u014C\\u1E50\\u1E52\\u014E\\u022E\\u0230\\u00D6\\u022A\\u1ECE\\u0150\\u01D1\\u020C\\u020E\\u01A0\\u1EDC\\u1EDA\\u1EE0\\u1EDE\\u1EE2\\u1ECC\\u1ED8\\u01EA\\u01EC\\u00D8\\u01FE\\u0186\\u019F\\uA74A\\uA74C]","OI":"[\\u01A2]","OO":"[\\uA74E]","OU":"[\\u0222]","P":"[\\u0050\\u24C5\\uFF30\\u1E54\\u1E56\\u01A4\\u2C63\\uA750\\uA752\\uA754]","Q":"[\\u0051\\u24C6\\uFF31\\uA756\\uA758\\u024A]","R":"[\\u0052\\u24C7\\uFF32\\u0154\\u1E58\\u0158\\u0210\\u0212\\u1E5A\\u1E5C\\u0156\\u1E5E\\u024C\\u2C64\\uA75A\\uA7A6\\uA782]","S":"[\\u0053\\u24C8\\uFF33\\u1E9E\\u015A\\u1E64\\u015C\\u1E60\\u0160\\u1E66\\u1E62\\u1E68\\u0218\\u015E\\u2C7E\\uA7A8\\uA784]","T":"[\\u0054\\u24C9\\uFF34\\u1E6A\\u0164\\u1E6C\\u021A\\u0162\\u1E70\\u1E6E\\u0166\\u01AC\\u01AE\\u023E\\uA786]","TZ":"[\\uA728]","U":"[\\u0055\\u24CA\\uFF35\\u00D9\\u00DA\\u00DB\\u0168\\u1E78\\u016A\\u1E7A\\u016C\\u00DC\\u01DB\\u01D7\\u01D5\\u01D9\\u1EE6\\u016E\\u0170\\u01D3\\u0214\\u0216\\u01AF\\u1EEA\\u1EE8\\u1EEE\\u1EEC\\u1EF0\\u1EE4\\u1E72\\u0172\\u1E76\\u1E74\\u0244]","V":"[\\u0056\\u24CB\\uFF36\\u1E7C\\u1E7E\\u01B2\\uA75E\\u0245]","VY":"[\\uA760]","W":"[\\u0057\\u24CC\\uFF37\\u1E80\\u1E82\\u0174\\u1E86\\u1E84\\u1E88\\u2C72]","X":"[\\u0058\\u24CD\\uFF38\\u1E8A\\u1E8C]","Y":"[\\u0059\\u24CE\\uFF39\\u1EF2\\u00DD\\u0176\\u1EF8\\u0232\\u1E8E\\u0178\\u1EF6\\u1EF4\\u01B3\\u024E\\u1EFE]","Z":"[\\u005A\\u24CF\\uFF3A\\u0179\\u1E90\\u017B\\u017D\\u1E92\\u1E94\\u01B5\\u0224\\u2C7F\\u2C6B\\uA762]","a":"[\\u0061\\u24D0\\uFF41\\u1E9A\\u00E0\\u00E1\\u00E2\\u1EA7\\u1EA5\\u1EAB\\u1EA9\\u00E3\\u0101\\u0103\\u1EB1\\u1EAF\\u1EB5\\u1EB3\\u0227\\u01E1\\u00E4\\u01DF\\u1EA3\\u00E5\\u01FB\\u01CE\\u0201\\u0203\\u1EA1\\u1EAD\\u1EB7\\u1E01\\u0105\\u2C65\\u0250]","aa":"[\\uA733]","ae":"[\\u00E6\\u01FD\\u01E3]","ao":"[\\uA735]","au":"[\\uA737]","av":"[\\uA739\\uA73B]","ay":"[\\uA73D]","b":"[\\u0062\\u24D1\\uFF42\\u1E03\\u1E05\\u1E07\\u0180\\u0183\\u0253]","c":"[\\u0063\\u24D2\\uFF43\\u0107\\u0109\\u010B\\u010D\\u00E7\\u1E09\\u0188\\u023C\\uA73F\\u2184]","d":"[\\u0064\\u24D3\\uFF44\\u1E0B\\u010F\\u1E0D\\u1E11\\u1E13\\u1E0F\\u0111\\u018C\\u0256\\u0257\\uA77A]","dz":"[\\u01F3\\u01C6]","e":"[\\u0065\\u24D4\\uFF45\\u00E8\\u00E9\\u00EA\\u1EC1\\u1EBF\\u1EC5\\u1EC3\\u1EBD\\u0113\\u1E15\\u1E17\\u0115\\u0117\\u00EB\\u1EBB\\u011B\\u0205\\u0207\\u1EB9\\u1EC7\\u0229\\u1E1D\\u0119\\u1E19\\u1E1B\\u0247\\u025B\\u01DD]","f":"[\\u0066\\u24D5\\uFF46\\u1E1F\\u0192\\uA77C]","g":"[\\u0067\\u24D6\\uFF47\\u01F5\\u011D\\u1E21\\u011F\\u0121\\u01E7\\u0123\\u01E5\\u0260\\uA7A1\\u1D79\\uA77F]","h":"[\\u0068\\u24D7\\uFF48\\u0125\\u1E23\\u1E27\\u021F\\u1E25\\u1E29\\u1E2B\\u1E96\\u0127\\u2C68\\u2C76\\u0265]","hv":"[\\u0195]","i":"[\\u0069\\u24D8\\uFF49\\u00EC\\u00ED\\u00EE\\u0129\\u012B\\u012D\\u00EF\\u1E2F\\u1EC9\\u01D0\\u0209\\u020B\\u1ECB\\u012F\\u1E2D\\u0268\\u0131]","j":"[\\u006A\\u24D9\\uFF4A\\u0135\\u01F0\\u0249]","k":"[\\u006B\\u24DA\\uFF4B\\u1E31\\u01E9\\u1E33\\u0137\\u1E35\\u0199\\u2C6A\\uA741\\uA743\\uA745\\uA7A3]","l":"[\\u006C\\u24DB\\uFF4C\\u0140\\u013A\\u013E\\u1E37\\u1E39\\u013C\\u1E3D\\u1E3B\\u017F\\u0142\\u019A\\u026B\\u2C61\\uA749\\uA781\\uA747]","lj":"[\\u01C9]","m":"[\\u006D\\u24DC\\uFF4D\\u1E3F\\u1E41\\u1E43\\u0271\\u026F]","n":"[\\u006E\\u24DD\\uFF4E\\u01F9\\u0144\\u00F1\\u1E45\\u0148\\u1E47\\u0146\\u1E4B\\u1E49\\u019E\\u0272\\u0149\\uA791\\uA7A5]","nj":"[\\u01CC]","o":"[\\u006F\\u24DE\\uFF4F\\u00F2\\u00F3\\u00F4\\u1ED3\\u1ED1\\u1ED7\\u1ED5\\u00F5\\u1E4D\\u022D\\u1E4F\\u014D\\u1E51\\u1E53\\u014F\\u022F\\u0231\\u00F6\\u022B\\u1ECF\\u0151\\u01D2\\u020D\\u020F\\u01A1\\u1EDD\\u1EDB\\u1EE1\\u1EDF\\u1EE3\\u1ECD\\u1ED9\\u01EB\\u01ED\\u00F8\\u01FF\\u0254\\uA74B\\uA74D\\u0275]","oi":"[\\u01A3]","ou":"[\\u0223]","oo":"[\\uA74F]","p":"[\\u0070\\u24DF\\uFF50\\u1E55\\u1E57\\u01A5\\u1D7D\\uA751\\uA753\\uA755]","q":"[\\u0071\\u24E0\\uFF51\\u024B\\uA757\\uA759]","r":"[\\u0072\\u24E1\\uFF52\\u0155\\u1E59\\u0159\\u0211\\u0213\\u1E5B\\u1E5D\\u0157\\u1E5F\\u024D\\u027D\\uA75B\\uA7A7\\uA783]","s":"[\\u0073\\u24E2\\uFF53\\u015B\\u1E65\\u015D\\u1E61\\u0161\\u1E67\\u1E63\\u1E69\\u0219\\u015F\\u023F\\uA7A9\\uA785\\u1E9B]","ss":"[\\u00DF]","t":"[\\u0074\\u24E3\\uFF54\\u1E6B\\u1E97\\u0165\\u1E6D\\u021B\\u0163\\u1E71\\u1E6F\\u0167\\u01AD\\u0288\\u2C66\\uA787]","tz":"[\\uA729]","u":"[\\u0075\\u24E4\\uFF55\\u00F9\\u00FA\\u00FB\\u0169\\u1E79\\u016B\\u1E7B\\u016D\\u00FC\\u01DC\\u01D8\\u01D6\\u01DA\\u1EE7\\u016F\\u0171\\u01D4\\u0215\\u0217\\u01B0\\u1EEB\\u1EE9\\u1EEF\\u1EED\\u1EF1\\u1EE5\\u1E73\\u0173\\u1E77\\u1E75\\u0289]","v":"[\\u0076\\u24E5\\uFF56\\u1E7D\\u1E7F\\u028B\\uA75F\\u028C]","vy":"[\\uA761]","w":"[\\u0077\\u24E6\\uFF57\\u1E81\\u1E83\\u0175\\u1E87\\u1E85\\u1E98\\u1E89\\u2C73]","x":"[\\u0078\\u24E7\\uFF58\\u1E8B\\u1E8D]","y":"[\\u0079\\u24E8\\uFF59\\u1EF3\\u00FD\\u0177\\u1EF9\\u0233\\u1E8F\\u00FF\\u1EF7\\u1E99\\u1EF5\\u01B4\\u024F\\u1EFF]","z":"[\\u007A\\u24E9\\uFF5A\\u017A\\u1E91\\u017C\\u017E\\u1E93\\u1E95\\u01B6\\u0225\\u0240\\u2C6C\\uA763]"},"researchesTests":["contentHasTOC","contentHasShortParagraphs","contentHasAssets","keywordInTitle","keywordInMetaDescription","keywordInPermalink","keywordIn10Percent","keywordInContent","keywordInSubheadings","keywordInImageAlt","keywordDensity","keywordNotUsed","lengthContent","lengthPermalink","linksHasInternal","linksHasExternals","linksNotAllExternals","titleStartWithKeyword","titleSentiment","titleHasPowerWords","titleHasNumber","hasContentAI"],"hasRedirection":true,"hasBreadcrumb":false},"homeUrl":"https:\/\/www.billigtrikotde.com\/cs","objectID":20120,"objectType":"post","locale":"cs","localeFull":"cs_CZ","overlayImages":{"play":{"name":"Ikona p\u0159ehr\u00e1v\u00e1n\u00ed","url":"https:\/\/www.billigtrikotde.com\/wp-content\/plugins\/seo-by-rank-math\/assets\/admin\/img\/icon-play.png","path":"\/www\/wwwroot\/billigtrikotde.com\/wp-content\/plugins\/seo-by-rank-math\/assets\/admin\/img\/icon-play.png","position":"middle_center"},"gif":{"name":"GIF ikona","url":"https:\/\/www.billigtrikotde.com\/wp-content\/plugins\/seo-by-rank-math\/assets\/admin\/img\/icon-gif.png","path":"\/www\/wwwroot\/billigtrikotde.com\/wp-content\/plugins\/seo-by-rank-math\/assets\/admin\/img\/icon-gif.png","position":"middle_center"}},"defautOgImage":"https:\/\/www.gunstigfussballtrikot.de\/wp-content\/uploads\/2024\/11\/aufstellung-deutschland-frankreich-neues-dfb-trikot2024.jpg","customPermalinks":true,"isUserRegistered":true,"autoSuggestKeywords":true,"connectSiteUrl":"https:\/\/rankmath.com\/auth?site=https%3A%2F%2Fwww.billigtrikotde.com%2Fcs&r=https%3A%2F%2Fwww.billigtrikotde.com%2Fcs%2Fwp-json%2Fwp%2Fv2%2Fpages%2F20120%3Fnonce%3D8578b54dbc","maxTags":5,"trendsIcon":"<svg viewBox=\"0 0 610 610\"><path d=\"M18.85,446,174.32,290.48l58.08,58.08L76.93,504a14.54,14.54,0,0,1-20.55,0L18.83,466.48a14.54,14.54,0,0,1,0-20.55Z\" style=\"fill:#4285f4\"\/><path d=\"M242.65,242.66,377.59,377.6l-47.75,47.75a14.54,14.54,0,0,1-20.55,0L174.37,290.43l47.75-47.75A14.52,14.52,0,0,1,242.65,242.66Z\" style=\"fill:#ea4335\"\/><polygon points=\"319.53 319.53 479.26 159.8 537.34 217.88 377.61 377.62 319.53 319.53\" style=\"fill:#fabb05\"\/><path d=\"M594.26,262.73V118.61h0a16.94,16.94,0,0,0-16.94-16.94H433.2a16.94,16.94,0,0,0-12,28.92L565.34,274.71h0a16.94,16.94,0,0,0,28.92-12Z\" style=\"fill:#34a853\"\/><rect width=\"610\" height=\"610\" style=\"fill:none\"\/><\/svg>","showScore":true,"siteFavIcon":"https:\/\/www.billigtrikotde.com\/wp-content\/uploads\/2024\/12\/cropped-Billige-Trikots-32x32.png","canUser":{"general":false,"advanced":false,"snippet":false,"social":false,"analysis":false,"analytics":false,"content_ai":false},"isPro":false,"is_front_page":false,"trendsUpgradeLink":"https:\/\/rankmath.com\/pricing\/?utm_source=Plugin&utm_medium=CE%20General%20Tab%20Trends&utm_campaign=WP","trendsUpgradeLabel":"Upgradovat","trendsPreviewImage":"https:\/\/www.billigtrikotde.com\/wp-content\/plugins\/seo-by-rank-math\/assets\/admin\/img\/trends-preview.jpg","currentEditor":false,"homepageData":{"assessor":{"powerWords":[],"diacritics":true,"researchesTests":["contentHasTOC","contentHasShortParagraphs","contentHasAssets","keywordInTitle","keywordInMetaDescription","keywordInPermalink","keywordIn10Percent","keywordInContent","keywordInSubheadings","keywordInImageAlt","keywordDensity","keywordNotUsed","lengthContent","lengthPermalink","linksHasInternal","linksHasExternals","linksNotAllExternals","titleStartWithKeyword","titleSentiment","titleHasPowerWords","titleHasNumber","hasContentAI"],"hasBreadcrumb":false,"serpData":{"title":"%sitename% %page% %sep% %sitedesc%","description":"","titleTemplate":"%sitename% %page% %sep% %sitedesc%","descriptionTemplate":"","focusKeywords":"","breadcrumbTitle":"Home","robots":{"index":true},"advancedRobots":[],"facebookTitle":"","facebookDescription":"","facebookImage":"","facebookImageID":""}}},"tocTitle":"Table of Contents","tocExcludeHeadings":[],"listStyle":"ul"},"_links":{"self":[{"href":"https:\/\/www.billigtrikotde.com\/cs\/wp-json\/wp\/v2\/pages\/20120","targetHints":{"allow":["GET"]}}],"collection":[{"href":"https:\/\/www.billigtrikotde.com\/cs\/wp-json\/wp\/v2\/pages"}],"about":[{"href":"https:\/\/www.billigtrikotde.com\/cs\/wp-json\/wp\/v2\/types\/page"}],"author":[{"embeddable":true,"href":"https:\/\/www.billigtrikotde.com\/cs\/wp-json\/wp\/v2\/users\/1"}],"replies":[{"embeddable":true,"href":"https:\/\/www.billigtrikotde.com\/cs\/wp-json\/wp\/v2\/comments?post=20120"}],"version-history":[{"count":2,"href":"https:\/\/www.billigtrikotde.com\/cs\/wp-json\/wp\/v2\/pages\/20120\/revisions"}],"predecessor-version":[{"id":20465,"href":"https:\/\/www.billigtrikotde.com\/cs\/wp-json\/wp\/v2\/pages\/20120\/revisions\/20465"}],"wp:attachment":[{"href":"https:\/\/www.billigtrikotde.com\/cs\/wp-json\/wp\/v2\/media?parent=20120"}],"curies":[{"name":"wp","href":"https:\/\/api.w.org\/{rel}","templated":true}]}}